{"id":60,"date":"2020-10-18T17:06:02","date_gmt":"2020-10-18T17:06:02","guid":{"rendered":"http:\/\/powersol.es\/?page_id=60"},"modified":"2021-12-16T20:29:54","modified_gmt":"2021-12-16T20:29:54","slug":"a-homepage-section","status":"publish","type":"page","link":"https:\/\/powersol.es\/","title":{"rendered":"Powersol Energ\u00eda solar en Valencia y alrededores."},"content":{"rendered":"\n<p>Te asesoramos sobre tu instalaci\u00f3n de energ\u00eda solar. <\/p>\n\n\n\n<p> &#8211; Proyectos<\/p>\n\n\n\n<p>&#8211; Instalaciones<\/p>\n\n\n\n<p>&#8211; Mantenimientos<\/p>\n\n\n\n<p>&#8211; Particulares y empresas<\/p>\n\n\n\n<p><\/p>\n\n\n\n<p><strong>Solicita tu presupuesto personalizado. <\/strong><\/p>\n\n\n\n<div class=\"wp-block-buttons aligncenter\">\n<div class=\"wp-block-button\"><a class=\"wp-block-button__link has-white-color has-text-color has-background\" href=\"http:\/\/powersol.es\/index.php\/contact\/\" style=\"border-radius:2px;background-color:#2e6171\">Contactar<\/a><\/div>\n<\/div>\n\n\n\n<figure class=\"wp-block-gallery columns-3 is-cropped\"><ul class=\"blocks-gallery-grid\"><li class=\"blocks-gallery-item\"><figure><img loading=\"lazy\" width=\"250\" height=\"250\" src=\"https:\/\/powersol.es\/wp-content\/uploads\/2021\/12\/1-1.png\" alt=\"\" data-id=\"129\" data-full-url=\"https:\/\/powersol.es\/wp-content\/uploads\/2021\/12\/1-1.png\" data-link=\"https:\/\/powersol.es\/index.php\/a-homepage-section\/1-1\/\" class=\"wp-image-129\" srcset=\"https:\/\/powersol.es\/wp-content\/uploads\/2021\/12\/1-1.png 250w, https:\/\/powersol.es\/wp-content\/uploads\/2021\/12\/1-1-150x150.png 150w, https:\/\/powersol.es\/wp-content\/uploads\/2021\/12\/1-1-100x100.png 100w\" sizes=\"(max-width: 250px) 100vw, 250px\" \/><\/figure><\/li><li class=\"blocks-gallery-item\"><figure><img loading=\"lazy\" width=\"250\" height=\"250\" src=\"https:\/\/powersol.es\/wp-content\/uploads\/2021\/12\/2.png\" alt=\"\" data-id=\"130\" data-full-url=\"https:\/\/powersol.es\/wp-content\/uploads\/2021\/12\/2.png\" data-link=\"https:\/\/powersol.es\/index.php\/a-homepage-section\/attachment\/2\/\" class=\"wp-image-130\" srcset=\"https:\/\/powersol.es\/wp-content\/uploads\/2021\/12\/2.png 250w, https:\/\/powersol.es\/wp-content\/uploads\/2021\/12\/2-150x150.png 150w, https:\/\/powersol.es\/wp-content\/uploads\/2021\/12\/2-100x100.png 100w\" sizes=\"(max-width: 250px) 100vw, 250px\" \/><\/figure><\/li><li class=\"blocks-gallery-item\"><figure><img loading=\"lazy\" width=\"250\" height=\"250\" src=\"https:\/\/powersol.es\/wp-content\/uploads\/2021\/12\/3.png\" alt=\"\" data-id=\"131\" data-full-url=\"https:\/\/powersol.es\/wp-content\/uploads\/2021\/12\/3.png\" data-link=\"https:\/\/powersol.es\/index.php\/a-homepage-section\/attachment\/3\/\" class=\"wp-image-131\" srcset=\"https:\/\/powersol.es\/wp-content\/uploads\/2021\/12\/3.png 250w, https:\/\/powersol.es\/wp-content\/uploads\/2021\/12\/3-150x150.png 150w, https:\/\/powersol.es\/wp-content\/uploads\/2021\/12\/3-100x100.png 100w\" sizes=\"(max-width: 250px) 100vw, 250px\" \/><\/figure><\/li><li class=\"blocks-gallery-item\"><figure><img loading=\"lazy\" width=\"250\" height=\"250\" src=\"https:\/\/powersol.es\/wp-content\/uploads\/2021\/12\/4.png\" alt=\"\" data-id=\"132\" data-full-url=\"https:\/\/powersol.es\/wp-content\/uploads\/2021\/12\/4.png\" data-link=\"https:\/\/powersol.es\/index.php\/a-homepage-section\/attachment\/4\/\" class=\"wp-image-132\" srcset=\"https:\/\/powersol.es\/wp-content\/uploads\/2021\/12\/4.png 250w, https:\/\/powersol.es\/wp-content\/uploads\/2021\/12\/4-150x150.png 150w, https:\/\/powersol.es\/wp-content\/uploads\/2021\/12\/4-100x100.png 100w\" sizes=\"(max-width: 250px) 100vw, 250px\" \/><\/figure><\/li><li class=\"blocks-gallery-item\"><figure><img loading=\"lazy\" width=\"250\" height=\"250\" src=\"https:\/\/powersol.es\/wp-content\/uploads\/2021\/12\/5.png\" alt=\"\" data-id=\"133\" data-full-url=\"https:\/\/powersol.es\/wp-content\/uploads\/2021\/12\/5.png\" data-link=\"https:\/\/powersol.es\/index.php\/a-homepage-section\/attachment\/5\/\" class=\"wp-image-133\" srcset=\"https:\/\/powersol.es\/wp-content\/uploads\/2021\/12\/5.png 250w, https:\/\/powersol.es\/wp-content\/uploads\/2021\/12\/5-150x150.png 150w, https:\/\/powersol.es\/wp-content\/uploads\/2021\/12\/5-100x100.png 100w\" sizes=\"(max-width: 250px) 100vw, 250px\" \/><\/figure><\/li><li class=\"blocks-gallery-item\"><figure><img loading=\"lazy\" width=\"250\" height=\"250\" src=\"https:\/\/powersol.es\/wp-content\/uploads\/2021\/12\/6.png\" alt=\"\" data-id=\"134\" data-full-url=\"https:\/\/powersol.es\/wp-content\/uploads\/2021\/12\/6.png\" data-link=\"https:\/\/powersol.es\/index.php\/a-homepage-section\/attachment\/6\/\" class=\"wp-image-134\" srcset=\"https:\/\/powersol.es\/wp-content\/uploads\/2021\/12\/6.png 250w, https:\/\/powersol.es\/wp-content\/uploads\/2021\/12\/6-150x150.png 150w, https:\/\/powersol.es\/wp-content\/uploads\/2021\/12\/6-100x100.png 100w\" sizes=\"(max-width: 250px) 100vw, 250px\" \/><\/figure><\/li><\/ul><\/figure>\n\n\n\n<div class=\"wp-block-group\"><div class=\"wp-block-group__inner-container\">\n<div class=\"wp-block-image is-style-rounded\"><figure class=\"aligncenter size-large is-resized\"><img loading=\"lazy\" src=\"http:\/\/powersol.es\/wp-content\/uploads\/2021\/12\/Logo-Powersol-Pequeno.png\" alt=\"\" class=\"wp-image-135\" width=\"263\" height=\"263\" srcset=\"https:\/\/powersol.es\/wp-content\/uploads\/2021\/12\/Logo-Powersol-Pequeno.png 1000w, https:\/\/powersol.es\/wp-content\/uploads\/2021\/12\/Logo-Powersol-Pequeno-300x300.png 300w, https:\/\/powersol.es\/wp-content\/uploads\/2021\/12\/Logo-Powersol-Pequeno-150x150.png 150w, https:\/\/powersol.es\/wp-content\/uploads\/2021\/12\/Logo-Powersol-Pequeno-768x768.png 768w, https:\/\/powersol.es\/wp-content\/uploads\/2021\/12\/Logo-Powersol-Pequeno-100x100.png 100w\" sizes=\"(max-width: 263px) 100vw, 263px\" \/><\/figure><\/div>\n\n\n\n<blockquote class=\"wp-block-quote has-text-align-center is-style-large\"><p>En Powersol llevamos m\u00e1s de 10 a\u00f1os trabajando con energ\u00edas renovables. Somos una empresa familiar que se compromete a ofrecer el mejor asesoramiento a nuestros clientes. <\/p><cite>\u2014 Powersol, pioneros en instalaciones solares<\/cite><\/blockquote>\n\n\n\n<hr class=\"wp-block-separator is-style-dots\"\/>\n<\/div><\/div>\n","protected":false},"excerpt":{"rendered":"<p>Te asesoramos sobre tu instalaci\u00f3n de energ\u00eda solar. &#8211; Proyectos &#8211; Instalaciones &#8211; Mantenimientos &#8211; Particulares y empresas Solicita tu presupuesto personalizado.<\/p>\n","protected":false},"author":1,"featured_media":0,"parent":0,"menu_order":0,"comment_status":"closed","ping_status":"closed","template":"","meta":[],"_links":{"self":[{"href":"https:\/\/powersol.es\/index.php\/wp-json\/wp\/v2\/pages\/60"}],"collection":[{"href":"https:\/\/powersol.es\/index.php\/wp-json\/wp\/v2\/pages"}],"about":[{"href":"https:\/\/powersol.es\/index.php\/wp-json\/wp\/v2\/types\/page"}],"author":[{"embeddable":true,"href":"https:\/\/powersol.es\/index.php\/wp-json\/wp\/v2\/users\/1"}],"replies":[{"embeddable":true,"href":"https:\/\/powersol.es\/index.php\/wp-json\/wp\/v2\/comments?post=60"}],"version-history":[{"count":7,"href":"https:\/\/powersol.es\/index.php\/wp-json\/wp\/v2\/pages\/60\/revisions"}],"predecessor-version":[{"id":137,"href":"https:\/\/powersol.es\/index.php\/wp-json\/wp\/v2\/pages\/60\/revisions\/137"}],"wp:attachment":[{"href":"https:\/\/powersol.es\/index.php\/wp-json\/wp\/v2\/media?parent=60"}],"curies":[{"name":"wp","href":"https:\/\/api.w.org\/{rel}","templated":true}]}}